{"id":81,"date":"2013-06-16T13:48:49","date_gmt":"2013-06-16T11:48:49","guid":{"rendered":"http:\/\/89.160.50.156\/fyratusenmil\/?page_id=81"},"modified":"2026-02-25T20:39:45","modified_gmt":"2026-02-25T19:39:45","slug":"vara-resor","status":"publish","type":"page","link":"https:\/\/4000mil.se\/index.php\/vara-resor\/","title":{"rendered":"V\u00e5ra resor"},"content":{"rendered":"\n<p>2026<br><a href=\"https:\/\/4000mil.se\/index.php\/category\/asien\/thailand\/\" type=\"link\" id=\"https:\/\/4000mil.se\/index.php\/category\/asien\/thailand\/\">Thailand<\/a> och <a href=\"https:\/\/4000mil.se\/index.php\/category\/asien\/laos\/\" type=\"link\" id=\"https:\/\/4000mil.se\/index.php\/category\/asien\/laos\/\">Laos<\/a><\/p>\n\n\n\n<p>2025<br><a href=\"https:\/\/4000mil.se\/index.php\/11-saker-du-behover-veta-innan-du-reser-till-oman\/\" type=\"post\" id=\"82857\">Oman<\/a><br><a href=\"https:\/\/4000mil.se\/index.php\/medeltida-tabor\/\">S\u00f6dra B\u00f6hmen i Tjeckien<\/a><br><a href=\"https:\/\/4000mil.se\/index.php\/gora-i-visby\/\">Gotland<\/a><br><a href=\"https:\/\/4000mil.se\/index.php\/var-rutt-pa-tagluffen-2025-sa-har-akte-vi\/\">T\u00e5gluff: Italien och Bayern<\/a><br><a href=\"https:\/\/4000mil.se\/index.php\/via-ferrata-i-rugova-canyon-kosovo\/\">Kosovo<\/a><br><a href=\"https:\/\/4000mil.se\/index.php\/10-saker-vi-hittade-att-gora-i-orebro\/\">\u00d6rebro<\/a><br><a href=\"https:\/\/4000mil.se\/index.php\/trandansen-vid-hornborgarsjon-fagelskadare-for-en-dag\/\">Trandansen vid Hornborgarsj\u00f6n<\/a><br><a href=\"https:\/\/4000mil.se\/index.php\/fes\/\">Marocko<\/a><\/p>\n\n\n\n<p>2024<br><a href=\"https:\/\/4000mil.se\/index.php\/att-gora-pa-mauritius\/\">Mauritius<\/a><br><a href=\"https:\/\/4000mil.se\/index.php\/att-gora-i-zell-am-see-och-kaprun\/\">\u00d6sterrike<\/a><br><a href=\"https:\/\/4000mil.se\/index.php\/nu-ar-vi-ute-pa-nasta-resa-for-fullt\/\">Lofoten<\/a><br><a href=\"https:\/\/4000mil.se\/index.php\/maloren\/\">Mal\u00f6ren<\/a><br><a href=\"https:\/\/4000mil.se\/index.php\/var-rutt-pa-tagluffen-2024\/\">T\u00e5gluff till England och Frankrike<\/a><br><a href=\"https:\/\/4000mil.se\/index.php\/hemma-igen-efter-vastergotland\/\">V\u00e4sterg\u00f6tland<\/a><br><a href=\"https:\/\/4000mil.se\/index.php\/category\/asien\/uzbekistan\/\">Uzbekistan<\/a><br><a href=\"https:\/\/4000mil.se\/index.php\/tag\/gran-canaria\/\">Gran Canaria<\/a><br><a href=\"https:\/\/4000mil.se\/index.php\/var-rutt-och-vara-hotell-i-costa-rica\/\">Costa Rica<\/a><\/p>\n\n\n\n<p>2023<br><a href=\"https:\/\/4000mil.se\/index.php\/13-hojdpunkter-langs-camino-de-santiago\/\">Resa l\u00e4ngs Camino de Santiago<\/a><br><a href=\"https:\/\/4000mil.se\/index.php\/pa-vag-till-goteborg\/\">V\u00e4stkusten<\/a><br><a href=\"https:\/\/4000mil.se\/index.php\/vandra-treparksmotet\/\">Vandring treparksm\u00f6tet<\/a><br><a href=\"https:\/\/4000mil.se\/index.php\/var-rutt-pa-tagluffen-2023-sa-har-akte-vi\/\">T\u00e5gluff<\/a><br><a href=\"https:\/\/4000mil.se\/index.php\/vandring-fran-molle-till-arild-langs-kullaleden\/\">Kullaleden<\/a><br><a href=\"https:\/\/4000mil.se\/index.php\/hemma-igen-fran-nordirland-och-vad-vi-inte-visste-om-pass-inom-europa\/\">Nordirland<\/a><br><a href=\"https:\/\/4000mil.se\/index.php\/allt-om-var-vandring-i-toscana\/\">Vandring i Toscana<\/a><br><a href=\"https:\/\/4000mil.se\/index.php\/se-och-gora-i-kappadokien\/\">Kappadokien<\/a><br><a href=\"https:\/\/4000mil.se\/index.php\/vad-tyckte-vi-om-oarna-guadeloupe-dominica-och-martinique\/\">\u00d6luff i Karibien<\/a><\/p>\n\n\n\n<p>2022<br><a href=\"https:\/\/4000mil.se\/index.php\/vilken-harlig-resa-till-kopenhamn-vi-har-haft\/\">K\u00f6penhamn<\/a><br><a href=\"https:\/\/4000mil.se\/index.php\/hemma-igen-efter-min-helg-i-berlin\/\">Berlin<\/a><br><a href=\"https:\/\/4000mil.se\/index.php\/tag\/norra-portugal\/\">Norra Portugal<\/a><br><a href=\"https:\/\/4000mil.se\/index.php\/20-saker-att-se-och-gora-i-valletta-vara-basta-tips\/\">Malta<\/a><br><a href=\"https:\/\/4000mil.se\/index.php\/hur-det-blir-nar-man-litar-pa-att-andra-har-tankt\/\">Roadtrip i Blekinge och Sm\u00e5land<\/a><br><a href=\"https:\/\/4000mil.se\/index.php\/vi-reser-igen\/\">Norrbotten<\/a><br><a href=\"https:\/\/4000mil.se\/index.php\/rutt-pa-tagluffen\/\">T\u00e5gluff<\/a><br><a href=\"https:\/\/4000mil.se\/index.php\/se-och-gora-i-hamburg\/\">Hamburg<\/a><br><a href=\"https:\/\/4000mil.se\/index.php\/bo-i-husbat-amsterdam-vi-testade-ett-valdigt-hollandskt-satt-att-bo\/\">Amsterdam<\/a><br><a href=\"https:\/\/4000mil.se\/index.php\/50-saker-att-se-och-gora-i-london-vara-basta-tips\/\">London<\/a><\/p>\n\n\n\n<p>2021<br><a href=\"https:\/\/4000mil.se\/index.php\/en-helg-i-stockholm-travel-new-market-och-annat-smatt-och-gott\/\">Weekend i Stockholm<\/a><br><a href=\"https:\/\/4000mil.se\/index.php\/tag\/la-gomera\/\">Vandringsresa till La Gomera<\/a><br><a href=\"https:\/\/4000mil.se\/index.php\/category\/europa\/bulgarien\/\">Bulgarien<\/a><br><a href=\"https:\/\/4000mil.se\/index.php\/funasfjallen-i-hostforpackning-vilka-farger-vi-har-fatt-uppleva\/\">Vandring i Fun\u00e4sfj\u00e4llen<\/a><br><a href=\"https:\/\/4000mil.se\/index.php\/hemma-igen-fran-overraskningsresan-till-faroarna-sa-har-vi-haft-det\/\">50-\u00e5rs-\u00f6verraskningsresa till F\u00e4r\u00f6arna<\/a><br><a href=\"https:\/\/4000mil.se\/index.php\/att-se-och-gora-i-dalarna\/\">Roadtrip i Dalarna<\/a><br><a href=\"https:\/\/4000mil.se\/index.php\/om-potatisbacken-i-ammarnas-och-om-varldens-mest-spontana-och-varmaste-fjallresa\/\">Vandringsweekend i Ammarn\u00e4s<\/a><br>Mini-weekend i <a href=\"https:\/\/4000mil.se\/index.php\/hemma-igen-fran-var-mini-roadtrip-just-in-time-for-spruta-2\/\">H\u00e4lsingland<\/a> och <a href=\"https:\/\/4000mil.se\/index.php\/norrlandets-kustled-vi-har-provat-den-nya-vandringsleden-langs-gavles-kust\/\">G\u00e4vle<\/a><br><a href=\"https:\/\/4000mil.se\/index.php\/att-se-och-gora-i-slovenien\/\">\u00d6land<\/a><br><a href=\"https:\/\/4000mil.se\/index.php\/tag\/vastmanland\/\">V\u00e4stmanland<\/a><\/p>\n\n\n\n<p>2020<br><a href=\"https:\/\/4000mil.se\/index.php\/basta-vandringen-pa-skaneleden-sl4-osterlenleden-8-basta-strackorna-platserna-och-upplevelserna\/\">Sk\u00e5neleden<\/a><br><a href=\"https:\/\/4000mil.se\/index.php\/guldtur-17-svansjon-bolagen-vandring-i-funasfjallen\/\">Fun\u00e4sfj\u00e4llen<\/a><br><a href=\"https:\/\/4000mil.se\/index.php\/tag\/hemavan\/\">Hemavan<\/a><br>50-\u00e5rsresa till <a href=\"https:\/\/4000mil.se\/index.php\/vandring-till-samevistet-vid-pietsjaure-saltoluokta\/\">Saltoluokta<\/a> och <a href=\"https:\/\/4000mil.se\/index.php\/vandring-i-arjeplogfjallen-guoletisjaure-till-juorunbron\/\">Arjeplogfj\u00e4llen<\/a><br><a href=\"https:\/\/4000mil.se\/index.php\/tag\/roadtrip-i-sodra-norrland\/\">Roadtrip i S\u00f6dra Norrland<\/a><br><a href=\"https:\/\/4000mil.se\/index.php\/hemma-igen-fran-hoga-kusten-sa-var-var-resa\/\">H\u00f6ga kusten<\/a><br><a href=\"https:\/\/4000mil.se\/index.php\/category\/asien\/maldiverna\/\">\u00d6luff p\u00e5 Maldiverna<\/a><\/p>\n\n\n\n<p>2019<br><a href=\"https:\/\/4000mil.se\/index.php\/category\/asien\/filippinerna\/\">Filippinerna<\/a><br><a href=\"https:\/\/4000mil.se\/index.php\/category\/asien\/hongkong\/\">Hong Kong<\/a> och <a href=\"https:\/\/4000mil.se\/index.php\/tag\/seoul\/\">Seoul<\/a><br><a href=\"https:\/\/4000mil.se\/index.php\/tag\/provence\/\">Franska Rivieran<\/a> och <a href=\"https:\/\/4000mil.se\/index.php\/tag\/cinque-terre\/\">Cinque Terre<\/a><br><a href=\"https:\/\/4000mil.se\/index.php\/tag\/roadtrip-i-lappland\/\">Lappland<\/a><br><a href=\"https:\/\/4000mil.se\/index.php\/tag\/tagluff-i-schweiz\/\">T\u00e5gluff i Schweiz<\/a><br><a href=\"https:\/\/4000mil.se\/index.php\/tag\/karlsbad\/\">Karlsbad i Tjeckien<\/a><br><a href=\"https:\/\/4000mil.se\/index.php\/category\/asien\/jordanien\/\">Jordanien<\/a><br><a href=\"https:\/\/4000mil.se\/index.php\/category\/europa\/ukraina\/\">Kiev och Tjernobyl<\/a><br><a href=\"https:\/\/4000mil.se\/index.php\/category\/europa\/finland\/\">Finska Lapland<\/a><br><a href=\"https:\/\/4000mil.se\/index.php\/category\/afrika\/uganda\/\">Uganda<\/a><\/p>\n\n\n\n<p>2018<br><a href=\"https:\/\/4000mil.se\/index.php\/tag\/madeira\/\">Madeira<\/a><br><a href=\"https:\/\/4000mil.se\/index.php\/tag\/hoga-kusten\/\">H\u00f6ga kusten<\/a><br><a href=\"https:\/\/4000mil.se\/index.php\/weekend-i-riga-var-guide\/\">Riga<\/a><br><a href=\"https:\/\/4000mil.se\/index.php\/category\/europa\/slovenien\/\">Slovenien<\/a><br><a href=\"https:\/\/4000mil.se\/index.php\/tag\/dolomiterna\/\">Dolomiterna<\/a><br>Portugal, <a href=\"https:\/\/4000mil.se\/index.php\/guide-till-rota-vicentina-fishermans-trail\/\">Rota Vicentina<\/a> och <a href=\"https:\/\/4000mil.se\/index.php\/algarves-basta-strander\/\">Algarve<\/a><br><a href=\"https:\/\/4000mil.se\/index.php\/guide-till-tropea\/\">Tropea, Italien<\/a><br><a href=\"https:\/\/4000mil.se\/index.php\/safari-i-afrika-sa-gar-det-till\/\">Kruger<\/a> och <a href=\"https:\/\/4000mil.se\/index.php\/guide-till-victoriafallen\/\">Victoriafallen<\/a><br><a href=\"https:\/\/4000mil.se\/index.php\/min-resa-till-agadir-en-reseberattelse\/\">Agadir<\/a><br><a href=\"https:\/\/4000mil.se\/index.php\/weekend-i-prag\/\">Prag<\/a><br><a href=\"https:\/\/4000mil.se\/index.php\/sportlovsresa-till-dubai\/\">Dubai<\/a><br><a href=\"https:\/\/4000mil.se\/index.php\/var-resa-till-kuba-och-mexiko\/\">Kuba och Mexiko<\/a><\/p>\n\n\n\n<p>2017<br><a href=\"https:\/\/4000mil.se\/index.php\/guide-till-berlin\/\">Berlin<\/a><br><a href=\"https:\/\/4000mil.se\/index.php\/lissabon-den-perfekta-hostlovsdestinationen\/\">Lissabon<br><\/a><a href=\"https:\/\/4000mil.se\/index.php\/poznan\/\">Poznan<\/a><br>Grekland: <a href=\"https:\/\/4000mil.se\/index.php\/guide-till-milos\/\">Milos<\/a> och <a href=\"https:\/\/4000mil.se\/index.php\/meteora\/\">Meterora<br><\/a><a href=\"https:\/\/4000mil.se\/index.php\/saxnas\/\">Fj\u00e4llvandring i Saxn\u00e4s<br><\/a><a href=\"https:\/\/4000mil.se\/index.php\/var-resa-till-albanien\/\">Albanien<br><\/a><a href=\"https:\/\/4000mil.se\/index.php\/var-resa-till-gardasjon-och-venedig\/\">Italien: Gardasj\u00f6n och Venedig<\/a><br><a href=\"https:\/\/4000mil.se\/index.php\/weekend-i-krakow\/\">Krakow<\/a><br><a href=\"https:\/\/4000mil.se\/utv\/index.php\/var-resa-till-kapstaden\/\">Kapstaden<\/a><br><a href=\"https:\/\/4000mil.se\/index.php\/var-resa-till-zanzibar\/\" target=\"_blank\" rel=\"noopener noreferrer\">Zanzibar<\/a><\/p>\n\n\n\n<p>2016<br><a href=\"https:\/\/4000mil.se\/index.php\/var-resa-till-hong-kong\/\" target=\"_blank\" rel=\"noopener noreferrer\">Hong Kong<\/a><br><a href=\"https:\/\/4000mil.se\/index.php\/manhattan-med-en-tonarstjej\/\" target=\"_blank\" rel=\"noopener noreferrer\">New York<\/a><br><a href=\"https:\/\/4000mil.se\/index.php\/var-resa-till-transsylvanien\/\" target=\"_blank\" rel=\"noopener noreferrer\">Transsylvanien<\/a><br><a href=\"https:\/\/4000mil.se\/index.php\/var-resa-till-island\/\">Island<\/a><br><a href=\"https:\/\/4000mil.se\/index.php\/kroatien\/\">Kroatien<\/a><br><a href=\"https:\/\/4000mil.se\/index.php\/andalusien\/\">Spanien&nbsp;&#8211; Andalusien<\/a><br><a href=\"https:\/\/4000mil.se\/index.php\/sri-lanka\/\" target=\"_blank\" rel=\"noopener noreferrer\">Sri Lanka<\/a><br><a href=\"https:\/\/4000mil.se\/index.php\/en-eftermiddag-i-london\/\" target=\"_blank\" rel=\"noopener noreferrer\">London<\/a><\/p>\n\n\n\n<p>2015<br><a title=\"Singapore och Kuala Lumpur\" href=\"http:\/\/www.4000mil.se\/?p=3916\">Singapore<\/a> och <a href=\"https:\/\/4000mil.se\/index.php\/guide-till-kuala-lumpur\/\">Kuala Lumpur<\/a><br><a title=\"Vandra med packh\u00e4st i j\u00e4mtl\u00e4ndska Jorm\" href=\"http:\/\/www.4000mil.se\/?p=3699\">Vandra med packh\u00e4st i Jorm<\/a><br><a title=\"Istanbul, Nemrut Dagi och Kappadokien \u2013 maj 2015\" href=\"http:\/\/www.4000mil.se\/?p=3177\">Turkiet<\/a><\/p>\n\n\n\n<p>2014<br><a title=\"Bangkok, Kambodja 20141213-20141229\" href=\"http:\/\/www.4000mil.se\/?p=2091\">Bangkok, Kambodja<\/a><br><a title=\"Malta, Gozo 20140617 \u2013 20140625\" href=\"http:\/\/www.4000mil.se\/?p=1752\">Malta, Gozo<br><\/a><a title=\"Qatar 20140306 \u2013 20140307\" href=\"http:\/\/www.4000mil.se\/?p=1677\">Qatar<\/a><br><a title=\"Burma 20140220 \u2013 20140306\" href=\"http:\/\/www.4000mil.se\/?p=1505\">Burma<\/a><\/p>\n\n\n\n<p>2013<br><a title=\"Brasilien och en knivsudd Argentina 20131023 \u2013 20131103\" href=\"http:\/\/www.4000mil.se\/?p=1152\">Brasilien &#8211; Rio, Iguassu, Pantanal och Bonito<\/a><br><a title=\"Brugge, Belgien 20130920 \u2013 20130922\" href=\"http:\/\/www.4000mil.se\/?p=1190\">Belgien &#8211; Weekend i Bruges<br><\/a><a title=\"H\u00f6ga kusten\" href=\"http:\/\/www.4000mil.se\/?p=1090\">H\u00f6ga kusten<\/a><br><a title=\"Japan 20130328 \u2013 20130413\" href=\"http:\/\/www.4000mil.se\/?p=92\">Japan &#8211; I k\u00f6rsb\u00e4rsblomningens tid<\/a><br><a title=\"Seychellerna 20130120 \u2013 20130129\" href=\"http:\/\/www.4000mil.se\/?p=238\">Seychellerna<\/a><\/p>\n\n\n\n<p>2012<br><a title=\"Dubrovnik och Montenegro 20120906-20120913\" href=\"http:\/\/www.4000mil.se\/?p=181\">Kroatien och Montenegro<\/a><br><a title=\"Florida och Bahamas 20120417 \u2013 20120501\" href=\"http:\/\/www.4000mil.se\/?p=599\">Florida och Bahamas<\/a><\/p>\n\n\n\n<p>2011<br><a href=\"https:\/\/4000mil.se\/index.php\/topp-5-basta-tips-for-tallinn\/\">Tallinn<\/a><br><a title=\"Namibia 20110805 \u2013 20110820\" href=\"http:\/\/www.4000mil.se\/?p=339\">Namibia<br><\/a><a title=\"Fj\u00e4llvandring med barn 20110726 \u2013 20110729\" href=\"http:\/\/www.4000mil.se\/?p=759\">Fj\u00e4llvandring med barn<\/a><a title=\"Namibia 20110805 \u2013 20110820\" href=\"http:\/\/www.4000mil.se\/?p=339\"><br><\/a> Spanien &#8211; Costa Brava<\/p>\n\n\n\n<p>2010<br><a href=\"https:\/\/4000mil.se\/index.php\/danmark\/\">Danmark<\/a><br><a title=\"Kina 20100708 \u2013 20100719\" href=\"http:\/\/www.4000mil.se\/?p=488\">Kina&nbsp;&#8211; Shanghai, Longji, Yangshuo och Peking<\/a><\/p>\n\n\n\n<p>2009<br><a title=\"Rom och Amalfikusten 20090907 \u2013 20090913\" href=\"http:\/\/www.4000mil.se\/?p=647\">Italien &#8211; Rom och Amalfikusten<\/a><\/p>\n\n\n\n<p>2008<br><a title=\"New York och Kalifornien 20081010 \u2013 20081020\" href=\"https:\/\/4000mil.se\/index.php\/new-york-och-kalifornien\/\">New York och Kalifornien<\/a><br><a title=\"Fj\u00e4llvandring i Hemavan och Vindelfj\u00e4llen\" href=\"https:\/\/4000mil.se\/index.php\/fjallvandring-i-hemavan-och-vindelfjallen\/\">Fj\u00e4llvandring Vindelfj\u00e4llen<\/a><\/p>\n\n\n\n<p><strong>Gunillas resor<\/strong><br>2007<br>Tjeckien &#8211; Prag<\/p>\n\n\n\n<p>2006<br>Grekland &#8211; Korfu<\/p>\n\n\n\n<p>2005<br>Egypten &#8211; Hurugada<\/p>\n\n\n\n<p>2002<br><a href=\"https:\/\/4000mil.se\/index.php\/sao-miguel-azorerna\/\">Portugal &#8211; Azorerna<\/a><br>Italien &#8211; Milano, skid\u00e5kning i Bormio<\/p>\n\n\n\n<p>2001<br>\u00d6sterrike &#8211; vandring i Badgastein<\/p>\n\n\n\n<p>1999<br>Thailand<br>Kina &#8211; Peking, Xian, Guilin<\/p>\n\n\n\n<p>1998<br><a title=\"Kilimanjaro\" href=\"https:\/\/4000mil.se\/index.php\/kilimanjaro\/\">Kenya och Tanzania &#8211; safari i Masai Mara och bestigning av Kilimanjaro<\/a><br>Irland<br>Holland<br>Kungsleden<\/p>\n\n\n\n<p>1997<br>Storbritannien &#8211; Manchester<br>Italien &#8211; Venedig och Bolonga<\/p>\n\n\n\n<p>1996<br>Italien &#8211; Rom och Florens<br>Storbritannien &#8211; London<\/p>\n\n\n\n<p>1995<br><a href=\"https:\/\/4000mil.se\/index.php\/5-favoriter-boston\/\">USA &#8211; jobbade i Boston<\/a><\/p>\n\n\n\n<p>1994<br>Spanien &#8211; Teneriffa<br>Frankrike &#8211; Strassbourg<br>Schweiz<br>USA och Kanada &#8211; New York, Washington DC, Boston, Niagarafallen och Toronto<br>Frankrike &#8211; tv\u00e5 skidresor till franska alperna<br>Tyskland &#8211; bodde i Karlsruhe -93-94<\/p>\n\n\n\n<p>1993<em id=\"__mceDel\"><br><\/em>Frankrike &#8211; Cyklade till Alsace<br>Frankrike &#8211; Paris<br>Tyskland &#8211; Bodde i Karlsruhe -93-94<br>Tyskland &#8211; Spr\u00e5kresa till Tybingen<br>Tjeckoslovakien och Ungern &#8211; T\u00e5gluff till Prag och Budapest<\/p>\n\n\n\n<p>1992<br>Frankrike, Monaco, Italien och Grekland &#8211; T\u00e5gluff genom Europa<\/p>\n\n\n\n<p>1990<br>USA &#8211; flygluff genom USA, N.Y. Washington, Florida, Las Vegas, Grand Canyon, San Francisco, Los Angeles och Syracuse.<\/p>\n","protected":false},"excerpt":{"rendered":"<p>2026Thailand och Laos 2025OmanS\u00f6dra B\u00f6hmen i TjeckienGotlandT\u00e5gluff: Italien och BayernKosovo\u00d6rebroTrandansen vid Hornborgarsj\u00f6nMarocko 2024Mauritius\u00d6sterrikeLofotenMal\u00f6renT\u00e5gluff till England och FrankrikeV\u00e4sterg\u00f6tlandUzbekistanGran CanariaCosta Rica 2023Resa l\u00e4ngs Camino de SantiagoV\u00e4stkustenVandring treparksm\u00f6tetT\u00e5gluffKullaledenNordirlandVandring i ToscanaKappadokien\u00d6luff i Karibien 2022K\u00f6penhamnBerlinNorra PortugalMaltaRoadtrip i Blekinge och Sm\u00e5landNorrbottenT\u00e5gluffHamburgAmsterdamLondon 2021Weekend i StockholmVandringsresa till La GomeraBulgarienVandring i Fun\u00e4sfj\u00e4llen50-\u00e5rs-\u00f6verraskningsresa till F\u00e4r\u00f6arnaRoadtrip i DalarnaVandringsweekend i Ammarn\u00e4sMini-weekend i [&hellip;]<\/p>\n","protected":false},"author":2,"featured_media":0,"parent":0,"menu_order":0,"comment_status":"open","ping_status":"open","template":"","meta":{"_monsterinsights_skip_tracking":false,"_monsterinsights_sitenote_active":false,"_monsterinsights_sitenote_note":"","_monsterinsights_sitenote_category":0,"footnotes":""},"class_list":["post-81","page","type-page","status-publish","hentry"],"yoast_head":"<!-- This site is optimized with the Yoast SEO plugin v27.5 - https:\/\/yoast.com\/product\/yoast-seo-wordpress\/ -->\n<title>V\u00e5ra resor<\/title>\n<meta name=\"description\" content=\"H\u00e4r listar vi alla v\u00e5ra resor i kronologiskt ordning. Fr\u00e5n Kina, USA och Amalfikusten till nu senast Sri Lanka, Singapore och Malaysia.\" \/>\n<meta name=\"robots\" content=\"index, follow, max-snippet:-1, max-image-preview:large, max-video-preview:-1\" \/>\n<link rel=\"canonical\" href=\"https:\/\/4000mil.se\/index.php\/vara-resor\/\" \/>\n<meta property=\"og:locale\" content=\"sv_SE\" \/>\n<meta property=\"og:type\" content=\"article\" \/>\n<meta property=\"og:title\" content=\"V\u00e5ra resor\" \/>\n<meta property=\"og:description\" content=\"H\u00e4r listar vi alla v\u00e5ra resor i kronologiskt ordning. Fr\u00e5n Kina, USA och Amalfikusten till nu senast Sri Lanka, Singapore och Malaysia.\" \/>\n<meta property=\"og:url\" content=\"https:\/\/4000mil.se\/index.php\/vara-resor\/\" \/>\n<meta property=\"og:site_name\" content=\"4000 mil - en reseblogg\" \/>\n<meta property=\"article:publisher\" content=\"https:\/\/www.facebook.com\/4000mil\/\" \/>\n<meta property=\"article:modified_time\" content=\"2026-02-25T19:39:45+00:00\" \/>\n<meta name=\"twitter:card\" content=\"summary_large_image\" \/>\n<meta name=\"twitter:site\" content=\"@4000mil_se\" \/>\n<meta name=\"twitter:label1\" content=\"Ber\u00e4knad l\u00e4stid\" \/>\n\t<meta name=\"twitter:data1\" content=\"3 minuter\" \/>\n<script type=\"application\/ld+json\" class=\"yoast-schema-graph\">{\"@context\":\"https:\\\/\\\/schema.org\",\"@graph\":[{\"@type\":\"WebPage\",\"@id\":\"https:\\\/\\\/4000mil.se\\\/index.php\\\/vara-resor\\\/\",\"url\":\"https:\\\/\\\/4000mil.se\\\/index.php\\\/vara-resor\\\/\",\"name\":\"V\u00e5ra resor\",\"isPartOf\":{\"@id\":\"https:\\\/\\\/4000mil.se\\\/#website\"},\"datePublished\":\"2013-06-16T11:48:49+00:00\",\"dateModified\":\"2026-02-25T19:39:45+00:00\",\"description\":\"H\u00e4r listar vi alla v\u00e5ra resor i kronologiskt ordning. Fr\u00e5n Kina, USA och Amalfikusten till nu senast Sri Lanka, Singapore och Malaysia.\",\"breadcrumb\":{\"@id\":\"https:\\\/\\\/4000mil.se\\\/index.php\\\/vara-resor\\\/#breadcrumb\"},\"inLanguage\":\"sv-SE\",\"potentialAction\":[{\"@type\":\"ReadAction\",\"target\":[\"https:\\\/\\\/4000mil.se\\\/index.php\\\/vara-resor\\\/\"]}]},{\"@type\":\"BreadcrumbList\",\"@id\":\"https:\\\/\\\/4000mil.se\\\/index.php\\\/vara-resor\\\/#breadcrumb\",\"itemListElement\":[{\"@type\":\"ListItem\",\"position\":1,\"name\":\"Home\",\"item\":\"https:\\\/\\\/4000mil.se\\\/\"},{\"@type\":\"ListItem\",\"position\":2,\"name\":\"V\u00e5ra resor\"}]},{\"@type\":\"WebSite\",\"@id\":\"https:\\\/\\\/4000mil.se\\\/#website\",\"url\":\"https:\\\/\\\/4000mil.se\\\/\",\"name\":\"4000 mil - en reseblogg\",\"description\":\"We haven&#039;t been everywhere, but it is on our list.\",\"publisher\":{\"@id\":\"https:\\\/\\\/4000mil.se\\\/#organization\"},\"potentialAction\":[{\"@type\":\"SearchAction\",\"target\":{\"@type\":\"EntryPoint\",\"urlTemplate\":\"https:\\\/\\\/4000mil.se\\\/?s={search_term_string}\"},\"query-input\":{\"@type\":\"PropertyValueSpecification\",\"valueRequired\":true,\"valueName\":\"search_term_string\"}}],\"inLanguage\":\"sv-SE\"},{\"@type\":\"Organization\",\"@id\":\"https:\\\/\\\/4000mil.se\\\/#organization\",\"name\":\"4000mil\",\"url\":\"https:\\\/\\\/4000mil.se\\\/\",\"logo\":{\"@type\":\"ImageObject\",\"inLanguage\":\"sv-SE\",\"@id\":\"https:\\\/\\\/4000mil.se\\\/#\\\/schema\\\/logo\\\/image\\\/\",\"url\":\"https:\\\/\\\/4000mil.se\\\/wp-content\\\/uploads\\\/2017\\\/07\\\/rsz_img_5178-e1511641744338.jpg\",\"contentUrl\":\"https:\\\/\\\/4000mil.se\\\/wp-content\\\/uploads\\\/2017\\\/07\\\/rsz_img_5178-e1511641744338.jpg\",\"width\":1000,\"height\":667,\"caption\":\"4000mil\"},\"image\":{\"@id\":\"https:\\\/\\\/4000mil.se\\\/#\\\/schema\\\/logo\\\/image\\\/\"},\"sameAs\":[\"https:\\\/\\\/www.facebook.com\\\/4000mil\\\/\",\"https:\\\/\\\/x.com\\\/4000mil_se\",\"https:\\\/\\\/www.instagram.com\\\/4000mil.se\\\/\",\"https:\\\/\\\/www.youtube.com\\\/channel\\\/UCJ-arZd2a7dT4Kqq5GtVbXQ\"]}]}<\/script>\n<!-- \/ Yoast SEO plugin. -->","yoast_head_json":{"title":"V\u00e5ra resor","description":"H\u00e4r listar vi alla v\u00e5ra resor i kronologiskt ordning. Fr\u00e5n Kina, USA och Amalfikusten till nu senast Sri Lanka, Singapore och Malaysia.","robots":{"index":"index","follow":"follow","max-snippet":"max-snippet:-1","max-image-preview":"max-image-preview:large","max-video-preview":"max-video-preview:-1"},"canonical":"https:\/\/4000mil.se\/index.php\/vara-resor\/","og_locale":"sv_SE","og_type":"article","og_title":"V\u00e5ra resor","og_description":"H\u00e4r listar vi alla v\u00e5ra resor i kronologiskt ordning. Fr\u00e5n Kina, USA och Amalfikusten till nu senast Sri Lanka, Singapore och Malaysia.","og_url":"https:\/\/4000mil.se\/index.php\/vara-resor\/","og_site_name":"4000 mil - en reseblogg","article_publisher":"https:\/\/www.facebook.com\/4000mil\/","article_modified_time":"2026-02-25T19:39:45+00:00","twitter_card":"summary_large_image","twitter_site":"@4000mil_se","twitter_misc":{"Ber\u00e4knad l\u00e4stid":"3 minuter"},"schema":{"@context":"https:\/\/schema.org","@graph":[{"@type":"WebPage","@id":"https:\/\/4000mil.se\/index.php\/vara-resor\/","url":"https:\/\/4000mil.se\/index.php\/vara-resor\/","name":"V\u00e5ra resor","isPartOf":{"@id":"https:\/\/4000mil.se\/#website"},"datePublished":"2013-06-16T11:48:49+00:00","dateModified":"2026-02-25T19:39:45+00:00","description":"H\u00e4r listar vi alla v\u00e5ra resor i kronologiskt ordning. Fr\u00e5n Kina, USA och Amalfikusten till nu senast Sri Lanka, Singapore och Malaysia.","breadcrumb":{"@id":"https:\/\/4000mil.se\/index.php\/vara-resor\/#breadcrumb"},"inLanguage":"sv-SE","potentialAction":[{"@type":"ReadAction","target":["https:\/\/4000mil.se\/index.php\/vara-resor\/"]}]},{"@type":"BreadcrumbList","@id":"https:\/\/4000mil.se\/index.php\/vara-resor\/#breadcrumb","itemListElement":[{"@type":"ListItem","position":1,"name":"Home","item":"https:\/\/4000mil.se\/"},{"@type":"ListItem","position":2,"name":"V\u00e5ra resor"}]},{"@type":"WebSite","@id":"https:\/\/4000mil.se\/#website","url":"https:\/\/4000mil.se\/","name":"4000 mil - en reseblogg","description":"We haven&#039;t been everywhere, but it is on our list.","publisher":{"@id":"https:\/\/4000mil.se\/#organization"},"potentialAction":[{"@type":"SearchAction","target":{"@type":"EntryPoint","urlTemplate":"https:\/\/4000mil.se\/?s={search_term_string}"},"query-input":{"@type":"PropertyValueSpecification","valueRequired":true,"valueName":"search_term_string"}}],"inLanguage":"sv-SE"},{"@type":"Organization","@id":"https:\/\/4000mil.se\/#organization","name":"4000mil","url":"https:\/\/4000mil.se\/","logo":{"@type":"ImageObject","inLanguage":"sv-SE","@id":"https:\/\/4000mil.se\/#\/schema\/logo\/image\/","url":"https:\/\/4000mil.se\/wp-content\/uploads\/2017\/07\/rsz_img_5178-e1511641744338.jpg","contentUrl":"https:\/\/4000mil.se\/wp-content\/uploads\/2017\/07\/rsz_img_5178-e1511641744338.jpg","width":1000,"height":667,"caption":"4000mil"},"image":{"@id":"https:\/\/4000mil.se\/#\/schema\/logo\/image\/"},"sameAs":["https:\/\/www.facebook.com\/4000mil\/","https:\/\/x.com\/4000mil_se","https:\/\/www.instagram.com\/4000mil.se\/","https:\/\/www.youtube.com\/channel\/UCJ-arZd2a7dT4Kqq5GtVbXQ"]}]}},"_links":{"self":[{"href":"https:\/\/4000mil.se\/index.php\/wp-json\/wp\/v2\/pages\/81","targetHints":{"allow":["GET"]}}],"collection":[{"href":"https:\/\/4000mil.se\/index.php\/wp-json\/wp\/v2\/pages"}],"about":[{"href":"https:\/\/4000mil.se\/index.php\/wp-json\/wp\/v2\/types\/page"}],"author":[{"embeddable":true,"href":"https:\/\/4000mil.se\/index.php\/wp-json\/wp\/v2\/users\/2"}],"replies":[{"embeddable":true,"href":"https:\/\/4000mil.se\/index.php\/wp-json\/wp\/v2\/comments?post=81"}],"version-history":[{"count":103,"href":"https:\/\/4000mil.se\/index.php\/wp-json\/wp\/v2\/pages\/81\/revisions"}],"predecessor-version":[{"id":85520,"href":"https:\/\/4000mil.se\/index.php\/wp-json\/wp\/v2\/pages\/81\/revisions\/85520"}],"wp:attachment":[{"href":"https:\/\/4000mil.se\/index.php\/wp-json\/wp\/v2\/media?parent=81"}],"curies":[{"name":"wp","href":"https:\/\/api.w.org\/{rel}","templated":true}]}}